{"id":6713,"date":"2026-02-05T15:13:03","date_gmt":"2026-02-05T13:13:03","guid":{"rendered":"https:\/\/www.nortpol.pl\/o-firmie\/"},"modified":"2026-02-10T11:28:10","modified_gmt":"2026-02-10T09:28:10","slug":"o-firmie","status":"publish","type":"page","link":"https:\/\/www.nortpol.pl\/de\/o-firmie\/","title":{"rendered":"\u00dcber uns"},"content":{"rendered":"<div class=\"wpb-content-wrapper\"><p>[vc_row gap=&#8221;35&#8243; equal_height=&#8221;yes&#8221; content_placement=&#8221;top&#8221; css=&#8221;.vc_custom_1538568615552{margin-bottom: 4vh !important;}&#8221; woodmart_parallax=&#8221;0&#8243; woodmart_gradient_switch=&#8221;no&#8221; row_reverse_mobile=&#8221;0&#8243; row_reverse_tablet=&#8221;0&#8243; woodmart_disable_overflow=&#8221;0&#8243;][vc_column woodmart_parallax=&#8221;0&#8243; parallax_scroll=&#8221;no&#8221; woodmart_sticky_column=&#8221;false&#8221; css=&#8221;.vc_custom_1538568458450{margin-bottom: 4vh !important;padding-top: 0px !important;}&#8221; offset=&#8221;vc_col-lg-6 vc_col-md-6 vc_col-xs-12&#8243;][vc_single_image image=&#8221;6519&#8243; img_size=&#8221;full&#8221; css=&#8221;&#8221; parallax_scroll=&#8221;no&#8221; woodmart_inline=&#8221;no&#8221;][\/vc_column][vc_column woodmart_color_scheme=&#8221;dark&#8221; woodmart_parallax=&#8221;0&#8243; parallax_scroll=&#8221;no&#8221; woodmart_sticky_column=&#8221;false&#8221; css=&#8221;.vc_custom_1538568468606{margin-bottom: 4vh !important;padding-top: 0px !important;}&#8221; offset=&#8221;vc_col-lg-6 vc_col-md-6 vc_col-xs-12&#8243;]\n\t\t<div id=\"wd-698af90ddf40d\" class=\"title-wrapper wd-wpb wd-set-mb reset-last-child  wd-rs-698af90ddf40d wd-title-color-default wd-title-style-default text-left vc_custom_1770715411746 wd-underline-colored\">\n\t\t\t\n\t\t\t<div class=\"liner-continer\">\n\t\t\t\t<h4 class=\"woodmart-title-container title  wd-font-weight- wd-fontsize-l\" >Nortpol im \u00dcberblick<\/h4>\n\t\t\t\t\t\t\t<\/div>\n\t\t\t\n\t\t\t\n\t\t\t\n\t\t<\/div>\n\t\t\n\t\t[vc_row_inner][vc_column_inner css=&#8221;.vc_custom_1768993109871{margin-bottom: 4vh !important;padding-top: 0px !important;}&#8221; woodmart_css_id=&#8221;6970b149a9eae&#8221; parallax_scroll=&#8221;no&#8221; woodmart_sticky_column=&#8221;false&#8221; wd_collapsible_content_switcher=&#8221;no&#8221; wd_column_role_offcanvas_desktop=&#8221;no&#8221; wd_column_role_offcanvas_tablet=&#8221;no&#8221; wd_column_role_offcanvas_mobile=&#8221;no&#8221; wd_column_role_content_desktop=&#8221;no&#8221; wd_column_role_content_tablet=&#8221;no&#8221; wd_column_role_content_mobile=&#8221;no&#8221; mobile_bg_img_hidden=&#8221;no&#8221; tablet_bg_img_hidden=&#8221;no&#8221; woodmart_parallax=&#8221;0&#8243; woodmart_box_shadow=&#8221;no&#8221; responsive_spacing=&#8221;eyJwYXJhbV90eXBlIjoid29vZG1hcnRfcmVzcG9uc2l2ZV9zcGFjaW5nIiwic2VsZWN0b3JfaWQiOiI2OTcwYjE0OWE5ZWFlIiwic2hvcnRjb2RlIjoidmNfY29sdW1uX2lubmVyIiwiZGF0YSI6eyJ0YWJsZXQiOnt9LCJtb2JpbGUiOnt9fX0=&#8221; wd_z_index=&#8221;no&#8221; offset=&#8221;vc_col-lg-12 vc_col-md-12&#8243;]\t\t\t<div id=\"wd-698afa1d0a073\" class=\"wd-text-block-wrapper wd-wpb wd-rs-698afa1d0a073 color-scheme- text-left vc_custom_1770715685738\">\n\t\t\t\t<div class=\"woodmart-title-container woodmart-text-block reset-last-child font-primary wd-font-weight- \">\n\t\t\t\t\tIm B2B-Bereich gewinnt nicht derjenige, der sch\u00f6ne Produkte herstellt. Es gewinnt derjenige, der vorhersehbar liefert: Termine, Qualit\u00e4t, Logistik und Probleml\u00f6sungen. Denn diese Faktoren entscheiden \u00fcber deine Marge, die Kundenbewertungen und die Anzahl der kritischen Situationen in der Saison.<\/p>\n<p>Nortpol ist ein Produktionsunternehmen aus Polen, das in der BBQ-Branche t\u00e4tig ist und haupts\u00e4chlich mit Gesch\u00e4ftskunden zusammenarbeitet: H\u00e4ndlern, E-Commerce-Unternehmen und Umsetzungspartnern. Unsere Denkweise ist einfach: Dein Verkauf darf nicht von der Laune des Lieferanten abh\u00e4ngen. Er muss vom Prozess abh\u00e4ngen.\t\t\t\t<\/div>\n\n\t\t\t\t\t\t\t<\/div>\n\t\t\t\t\t<div id=\"wd-698af997a74c7\" class=\"wd-text-block-wrapper wd-wpb wd-rs-698af997a74c7 color-scheme-dark text-left vc_custom_1770715589122\">\n\t\t\t\t<div class=\"woodmart-title-container woodmart-text-block reset-last-child font-primary wd-font-weight- \">\n\t\t\t\t\t<\/p>\n<h2><\/h2>\n<h2><strong>Deshalb versprechen wir nicht, dass wir die Besten sind.<\/strong><br \/>\n<strong>Stattdessen tun wir drei Dinge, die in der Praxis von Bedeutung sind:<\/strong><\/h2>\n<p><strong><span class=\"color-primary\">1.<\/span><\/strong> <strong>Wir reduzieren dein Betriebsrisiko<\/strong>\t\t\t\t<\/div>\n\n\t\t\t\t\t\t\t<\/div>\n\t\t\t\t\t<div id=\"wd-698af95aa25f0\" class=\"wd-text-block-wrapper wd-wpb wd-rs-698af95aa25f0 color-scheme- text-left vc_custom_1770715569033\">\n\t\t\t\t<div class=\"woodmart-title-container woodmart-text-block reset-last-child font-primary wd-font-weight- \">\n\t\t\t\t\tWenn ein Lieferant keine Standards hat, bist du in der Regel derjenige, der daf\u00fcr zahlt: mit R\u00fccksendungen, Reklamationen, Transportsch\u00e4den und Verz\u00f6gerungen. Wir gehen die Zusammenarbeit so an, dass diese Probleme gar nicht erst entstehen, und wenn doch, dann werden sie schnell und vorhersehbar gel\u00f6st.\t\t\t\t<\/div>\n\n\t\t\t\t\t\t\t<\/div>\n\t\t\t\t\t<div id=\"wd-698af9c9af3bb\" class=\"wd-text-block-wrapper wd-wpb wd-rs-698af9c9af3bb color-scheme-dark text-left vc_custom_1770715614972\">\n\t\t\t\t<div class=\"woodmart-title-container woodmart-text-block reset-last-child font-primary wd-font-weight- \">\n\t\t\t\t\t<strong><span class=\"color-primary\">2. <\/span><\/strong><strong>Wir bieten Wiederholbarkeit, die skalierbar ist.<\/strong>\t\t\t\t<\/div>\n\n\t\t\t\t\t\t\t<\/div>\n\t\t\t\t\t<div id=\"wd-698af9e33bb88\" class=\"wd-text-block-wrapper wd-wpb wd-rs-698af9e33bb88 color-scheme- text-left vc_custom_1770715623551\">\n\t\t\t\t<div class=\"woodmart-title-container woodmart-text-block reset-last-child font-primary wd-font-weight- \">\n\t\t\t\t\tUmsetzungen, Produktserien, Lieferungen, Saisonabh\u00e4ngigkeit \u2013 all das funktioniert nur, wenn das Produkt und die Verpackung wiederholbar sind und die Kommunikation reibungslos funktioniert. Bei uns sind klare Spezifikationen, Verpackungsstandards und festgelegte Regeln f\u00fcr die Zusammenarbeit der Ausgangspunkt.\t\t\t\t<\/div>\n\n\t\t\t\t\t\t\t<\/div>\n\t\t\t\t\t<div id=\"wd-698af9ea78d0d\" class=\"wd-text-block-wrapper wd-wpb wd-rs-698af9ea78d0d color-scheme-dark text-left vc_custom_1770715641869\">\n\t\t\t\t<div class=\"woodmart-title-container woodmart-text-block reset-last-child font-primary wd-font-weight- \">\n\t\t\t\t\t<strong><span class=\"color-primary\">3.<\/span><\/strong> <strong>Wir arbeiten nach dem Modell: Pilotprojekt \u2192 Skalierung<\/strong>\t\t\t\t<\/div>\n\n\t\t\t\t\t\t\t<\/div>\n\t\t\t\t\t<div id=\"wd-698af9fcd55a7\" class=\"wd-text-block-wrapper wd-wpb wd-rs-698af9fcd55a7 color-scheme- text-left vc_custom_1770715651234\">\n\t\t\t\t<div class=\"woodmart-title-container woodmart-text-block reset-last-child font-primary wd-font-weight- \">\n\t\t\t\t\tWir verlangen nicht, dass du uns einfach glaubst. Im B2B-Bereich ist ein Pilotprojekt die beste M\u00f6glichkeit zur \u00dcberpr\u00fcfung: Wir w\u00e4hlen eine sinnvolle SKU-Kombination aus, legen die Gesch\u00e4ftsregeln fest und skalieren erst dann. Das ist der schnellste Weg, um die Zusammenarbeit ohne Risiko zu testen.\t\t\t\t<\/div>\n\n\t\t\t\t\t\t\t<\/div>\n\t\t[vc_column_text css=&#8221;&#8221; woodmart_inline=&#8221;no&#8221; text_larger=&#8221;no&#8221;][\/vc_column_text][\/vc_column_inner][\/vc_row_inner][\/vc_column][\/vc_row]<\/p>\n<\/div>","protected":false},"excerpt":{"rendered":"<p>[vc_row gap=&#8221;35&#8243; equal_height=&#8221;yes&#8221; content_placement=&#8221;top&#8221; css=&#8221;.vc_custom_1538568615552{margin-bottom: 4vh !important;}&#8221; woodmart_parallax=&#8221;0&#8243; woodmart_gradient_switch=&#8221;no&#8221; row_reverse_mobile=&#8221;0&#8243; row_reverse_tablet=&#8221;0&#8243; woodmart_disable_overflow=&#8221;0&#8243;][vc_column woodmart_parallax=&#8221;0&#8243; parallax_scroll=&#8221;no&#8221; woodmart_sticky_column=&#8221;false&#8221; css=&#8221;.vc_custom_1538568458450{margin-bottom: 4vh !important;padding-top: 0px !important;}&#8221;<\/p>\n","protected":false},"author":4,"featured_media":0,"parent":0,"menu_order":0,"comment_status":"closed","ping_status":"closed","template":"","meta":{"footnotes":""},"class_list":["post-6713","page","type-page","status-publish","hentry"],"yoast_head":"<!-- This site is optimized with the Yoast SEO plugin v27.0 - https:\/\/yoast.com\/product\/yoast-seo-wordpress\/ -->\n<title>\u00dcber uns - Nortpol<\/title>\n<meta name=\"robots\" content=\"index, follow, max-snippet:-1, max-image-preview:large, max-video-preview:-1\" \/>\n<link rel=\"canonical\" href=\"https:\/\/www.nortpol.pl\/de\/o-firmie\/\" \/>\n<meta property=\"og:locale\" content=\"de_DE\" \/>\n<meta property=\"og:type\" content=\"article\" \/>\n<meta property=\"og:title\" content=\"\u00dcber uns - Nortpol\" \/>\n<meta property=\"og:description\" content=\"[vc_row gap=&#8221;35&#8243; equal_height=&#8221;yes&#8221; content_placement=&#8221;top&#8221; css=&#8221;.vc_custom_1538568615552{margin-bottom: 4vh !important;}&#8221; woodmart_parallax=&#8221;0&#8243; woodmart_gradient_switch=&#8221;no&#8221; row_reverse_mobile=&#8221;0&#8243; row_reverse_tablet=&#8221;0&#8243; woodmart_disable_overflow=&#8221;0&#8243;][vc_column woodmart_parallax=&#8221;0&#8243; parallax_scroll=&#8221;no&#8221; woodmart_sticky_column=&#8221;false&#8221; css=&#8221;.vc_custom_1538568458450{margin-bottom: 4vh !important;padding-top: 0px !important;}&#8221;\" \/>\n<meta property=\"og:url\" content=\"https:\/\/www.nortpol.pl\/de\/o-firmie\/\" \/>\n<meta property=\"og:site_name\" content=\"Nortpol\" \/>\n<meta property=\"article:modified_time\" content=\"2026-02-10T09:28:10+00:00\" \/>\n<meta name=\"twitter:card\" content=\"summary_large_image\" \/>\n<meta name=\"twitter:label1\" content=\"Gesch\u00e4tzte Lesezeit\" \/>\n\t<meta name=\"twitter:data1\" content=\"3 minutes\" \/>\n<script type=\"application\/ld+json\" class=\"yoast-schema-graph\">{\"@context\":\"https:\/\/schema.org\",\"@graph\":[{\"@type\":\"WebPage\",\"@id\":\"https:\/\/www.nortpol.pl\/de\/o-firmie\/\",\"url\":\"https:\/\/www.nortpol.pl\/de\/o-firmie\/\",\"name\":\"\u00dcber uns - Nortpol\",\"isPartOf\":{\"@id\":\"https:\/\/www.nortpol.pl\/de\/#website\"},\"datePublished\":\"2026-02-05T13:13:03+00:00\",\"dateModified\":\"2026-02-10T09:28:10+00:00\",\"breadcrumb\":{\"@id\":\"https:\/\/www.nortpol.pl\/de\/o-firmie\/#breadcrumb\"},\"inLanguage\":\"de-DE\",\"potentialAction\":[{\"@type\":\"ReadAction\",\"target\":[\"https:\/\/www.nortpol.pl\/de\/o-firmie\/\"]}]},{\"@type\":\"BreadcrumbList\",\"@id\":\"https:\/\/www.nortpol.pl\/de\/o-firmie\/#breadcrumb\",\"itemListElement\":[{\"@type\":\"ListItem\",\"position\":1,\"name\":\"Strona g\u0142\u00f3wna\",\"item\":\"https:\/\/www.nortpol.pl\/de\/startseite-nortpol\/\"},{\"@type\":\"ListItem\",\"position\":2,\"name\":\"\u00dcber uns\"}]},{\"@type\":\"WebSite\",\"@id\":\"https:\/\/www.nortpol.pl\/de\/#website\",\"url\":\"https:\/\/www.nortpol.pl\/de\/\",\"name\":\"Nortpol\",\"description\":\"producent wysokiej klasy artyku\u0142\u00f3w BBQ\",\"publisher\":{\"@id\":\"https:\/\/www.nortpol.pl\/de\/#organization\"},\"potentialAction\":[{\"@type\":\"SearchAction\",\"target\":{\"@type\":\"EntryPoint\",\"urlTemplate\":\"https:\/\/www.nortpol.pl\/de\/?s={search_term_string}\"},\"query-input\":{\"@type\":\"PropertyValueSpecification\",\"valueRequired\":true,\"valueName\":\"search_term_string\"}}],\"inLanguage\":\"de-DE\"},{\"@type\":\"Organization\",\"@id\":\"https:\/\/www.nortpol.pl\/de\/#organization\",\"name\":\"Nortpol\",\"url\":\"https:\/\/www.nortpol.pl\/de\/\",\"logo\":{\"@type\":\"ImageObject\",\"inLanguage\":\"de-DE\",\"@id\":\"https:\/\/www.nortpol.pl\/de\/#\/schema\/logo\/image\/\",\"url\":\"https:\/\/www.nortpol.pl\/wp-content\/uploads\/2025\/11\/Logo-Nortpol.png\",\"contentUrl\":\"https:\/\/www.nortpol.pl\/wp-content\/uploads\/2025\/11\/Logo-Nortpol.png\",\"width\":500,\"height\":500,\"caption\":\"Nortpol\"},\"image\":{\"@id\":\"https:\/\/www.nortpol.pl\/de\/#\/schema\/logo\/image\/\"}}]}<\/script>\n<!-- \/ Yoast SEO plugin. -->","yoast_head_json":{"title":"\u00dcber uns - Nortpol","robots":{"index":"index","follow":"follow","max-snippet":"max-snippet:-1","max-image-preview":"max-image-preview:large","max-video-preview":"max-video-preview:-1"},"canonical":"https:\/\/www.nortpol.pl\/de\/o-firmie\/","og_locale":"de_DE","og_type":"article","og_title":"\u00dcber uns - Nortpol","og_description":"[vc_row gap=&#8221;35&#8243; equal_height=&#8221;yes&#8221; content_placement=&#8221;top&#8221; css=&#8221;.vc_custom_1538568615552{margin-bottom: 4vh !important;}&#8221; woodmart_parallax=&#8221;0&#8243; woodmart_gradient_switch=&#8221;no&#8221; row_reverse_mobile=&#8221;0&#8243; row_reverse_tablet=&#8221;0&#8243; woodmart_disable_overflow=&#8221;0&#8243;][vc_column woodmart_parallax=&#8221;0&#8243; parallax_scroll=&#8221;no&#8221; woodmart_sticky_column=&#8221;false&#8221; css=&#8221;.vc_custom_1538568458450{margin-bottom: 4vh !important;padding-top: 0px !important;}&#8221;","og_url":"https:\/\/www.nortpol.pl\/de\/o-firmie\/","og_site_name":"Nortpol","article_modified_time":"2026-02-10T09:28:10+00:00","twitter_card":"summary_large_image","twitter_misc":{"Gesch\u00e4tzte Lesezeit":"3 minutes"},"schema":{"@context":"https:\/\/schema.org","@graph":[{"@type":"WebPage","@id":"https:\/\/www.nortpol.pl\/de\/o-firmie\/","url":"https:\/\/www.nortpol.pl\/de\/o-firmie\/","name":"\u00dcber uns - Nortpol","isPartOf":{"@id":"https:\/\/www.nortpol.pl\/de\/#website"},"datePublished":"2026-02-05T13:13:03+00:00","dateModified":"2026-02-10T09:28:10+00:00","breadcrumb":{"@id":"https:\/\/www.nortpol.pl\/de\/o-firmie\/#breadcrumb"},"inLanguage":"de-DE","potentialAction":[{"@type":"ReadAction","target":["https:\/\/www.nortpol.pl\/de\/o-firmie\/"]}]},{"@type":"BreadcrumbList","@id":"https:\/\/www.nortpol.pl\/de\/o-firmie\/#breadcrumb","itemListElement":[{"@type":"ListItem","position":1,"name":"Strona g\u0142\u00f3wna","item":"https:\/\/www.nortpol.pl\/de\/startseite-nortpol\/"},{"@type":"ListItem","position":2,"name":"\u00dcber uns"}]},{"@type":"WebSite","@id":"https:\/\/www.nortpol.pl\/de\/#website","url":"https:\/\/www.nortpol.pl\/de\/","name":"Nortpol","description":"producent wysokiej klasy artyku\u0142\u00f3w BBQ","publisher":{"@id":"https:\/\/www.nortpol.pl\/de\/#organization"},"potentialAction":[{"@type":"SearchAction","target":{"@type":"EntryPoint","urlTemplate":"https:\/\/www.nortpol.pl\/de\/?s={search_term_string}"},"query-input":{"@type":"PropertyValueSpecification","valueRequired":true,"valueName":"search_term_string"}}],"inLanguage":"de-DE"},{"@type":"Organization","@id":"https:\/\/www.nortpol.pl\/de\/#organization","name":"Nortpol","url":"https:\/\/www.nortpol.pl\/de\/","logo":{"@type":"ImageObject","inLanguage":"de-DE","@id":"https:\/\/www.nortpol.pl\/de\/#\/schema\/logo\/image\/","url":"https:\/\/www.nortpol.pl\/wp-content\/uploads\/2025\/11\/Logo-Nortpol.png","contentUrl":"https:\/\/www.nortpol.pl\/wp-content\/uploads\/2025\/11\/Logo-Nortpol.png","width":500,"height":500,"caption":"Nortpol"},"image":{"@id":"https:\/\/www.nortpol.pl\/de\/#\/schema\/logo\/image\/"}}]}},"_links":{"self":[{"href":"https:\/\/www.nortpol.pl\/de\/wp-json\/wp\/v2\/pages\/6713","targetHints":{"allow":["GET"]}}],"collection":[{"href":"https:\/\/www.nortpol.pl\/de\/wp-json\/wp\/v2\/pages"}],"about":[{"href":"https:\/\/www.nortpol.pl\/de\/wp-json\/wp\/v2\/types\/page"}],"author":[{"embeddable":true,"href":"https:\/\/www.nortpol.pl\/de\/wp-json\/wp\/v2\/users\/4"}],"replies":[{"embeddable":true,"href":"https:\/\/www.nortpol.pl\/de\/wp-json\/wp\/v2\/comments?post=6713"}],"version-history":[{"count":8,"href":"https:\/\/www.nortpol.pl\/de\/wp-json\/wp\/v2\/pages\/6713\/revisions"}],"predecessor-version":[{"id":6783,"href":"https:\/\/www.nortpol.pl\/de\/wp-json\/wp\/v2\/pages\/6713\/revisions\/6783"}],"wp:attachment":[{"href":"https:\/\/www.nortpol.pl\/de\/wp-json\/wp\/v2\/media?parent=6713"}],"curies":[{"name":"wp","href":"https:\/\/api.w.org\/{rel}","templated":true}]}}